{"id":103223,"date":"2021-12-04T13:12:30","date_gmt":"2021-12-04T12:12:30","guid":{"rendered":"http:\/\/www.buero-moerath.de\/blog\/?page_id=103223"},"modified":"2021-12-06T17:08:18","modified_gmt":"2021-12-06T16:08:18","slug":"ueber-mich","status":"publish","type":"page","link":"https:\/\/www.buero-moerath.de\/blog\/ueber-mich\/","title":{"rendered":"\u00dcber mich"},"content":{"rendered":"<div class=\"wpb-content-wrapper\"><p>[vc_row][vc_column width=&#8220;1\/1&#8243;][vc_custom_heading uncode_shortcode_id=&#8220;213007&#8243;]\u00dcber mich[\/vc_custom_heading][vc_column_text uncode_shortcode_id=&#8220;192089&#8243;]<img decoding=\"async\" class=\"alignleft size-medium wp-image-103466\" src=\"https:\/\/www.buero-moerath.de\/blog\/wp-content\/uploads\/2021\/12\/ICKE-300x236.jpeg\" alt=\"\" width=\"300\" height=\"236\" srcset=\"https:\/\/www.buero-moerath.de\/blog\/wp-content\/uploads\/2021\/12\/ICKE-300x236.jpeg 300w, https:\/\/www.buero-moerath.de\/blog\/wp-content\/uploads\/2021\/12\/ICKE-1024x806.jpeg 1024w, https:\/\/www.buero-moerath.de\/blog\/wp-content\/uploads\/2021\/12\/ICKE-768x605.jpeg 768w, https:\/\/www.buero-moerath.de\/blog\/wp-content\/uploads\/2021\/12\/ICKE.jpeg 1100w\" sizes=\"(max-width: 300px) 100vw, 300px\" \/>G\u00e4be es ein Reisen-Entdecken-Beobachten-Verstehen-Schreiben-Fotografieren-GEN, k\u00f6nnte es in meiner DNA entschl\u00fcsselt werden. Ginge es nach mir, w\u00fcrde ich genau das immer tun. Mein Alltag aber als Journalistin, nicht ganz professioneller Fotografin, aber mit scharfem Blick, als Ethnologin und Sozialwissenschaftlerin in Berlin l\u00e4sst das Reisen in die Fremde nicht sehr h\u00e4ufig zu. Also widme ich mich meistens den anderen Verben.<\/p>\n<p>Ich denke, dass mich Freund:innen und Kolleg:innen als offen, neugierig, ziemlich aktiv bis unruhig, auch als empathisch bezeichnen w\u00fcrden. Meine Themen sind vielf\u00e4ltig und bunt wie das Leben selbst, manchmal auch d\u00fcster, wenn es um gesellschaftliche Missst\u00e4nde und Herausforderungen geht, auf die ich zeige und sie beschreibe. Aber sehr gerne berichte ich \u00fcber Dinge, die dem Positiven Platz schaffen, oder \u00fcber Menschen, die sich engagieren, um die Welt ein klitzekleines bisschen zum Guten zu ver\u00e4ndern.<\/p>\n<p>In den letzten f\u00fcnf Jahren besch\u00e4ftigte mich sehr, was Neuankommende in Berlin und Deutschland ben\u00f6tigen, damit ihnen Teilhabe, Selbstbestimmung und Chancengleichheit erm\u00f6glicht werden kann. Welche Barrieren strukturell vorhanden sind, die eine Integration erschweren, welche H\u00fcrden sie \u00fcberwinden m\u00fcssen.<\/p>\n<p><img decoding=\"async\" class=\"alignright size-medium wp-image-103452\" src=\"https:\/\/www.buero-moerath.de\/blog\/wp-content\/uploads\/2021\/12\/KameraFrau-194x300.jpg\" alt=\"\" width=\"194\" height=\"300\" srcset=\"https:\/\/www.buero-moerath.de\/blog\/wp-content\/uploads\/2021\/12\/KameraFrau-194x300.jpg 194w, https:\/\/www.buero-moerath.de\/blog\/wp-content\/uploads\/2021\/12\/KameraFrau.jpg 647w\" sizes=\"(max-width: 194px) 100vw, 194px\" \/>Dieser Blog ist ein Experiment. Er ist bestimmt nicht vollkommen, nicht perfekt. Aber genau das reizt mich: Euch schon w\u00e4hrend des Reisens und Erlebens teilhaben zu lassen. Sozusagen von den Augen und Ohren, der Nase und der Haut ohne gro\u00dfe Umwege einfach weiterreichen.<\/p>\n<p>Die Reise nach Ghana, die ich jetzt im Dezember 2021 antrete, ist schon meine sechste in dieses Land seit 1989. Damals habe ich im Geh\u00f6ft bei einer Familie im Norden gelebt und geforscht. Das Thema damals war f\u00fcr mich der Zusammenhalt der Gro\u00dffamilie im Zusammenhang mit Migration und Bildung. Es ist ein Herzensprojekt, nun die Familie wieder zu besuchen, mich noch einmal intensiv mit den Menschen und ihrem Leben als Subsistenzbauern zu besch\u00e4ftigen.<\/p>\n<p>F\u00fcr mich ein unbekanntes Terrain ist, dass ich das Vorhaben mit Ernestina Zumeh realisieren werde. Sie ist eine\u00a0 junge Journalistin aus Accra, frisch von der Uni, und kommt selbst aus der Familie. Sie ist gar nicht dort aufgewachsen, sondern in einer anderen Region Ghanas. Aber nun ist ihr Vater seit l\u00e4ngerer Zeit in sein Heimatdorf zur\u00fcckgekehrt. Wir haben schon \u00fcber die Entfernung einen Dialog begonnen, was wir gemeinsam recherchieren wollen.<\/p>\n<p>Ich bin so gespannt &#8230;<br \/>\n<img decoding=\"async\" class=\"alignleft wp-image-103247 \" src=\"https:\/\/www.buero-moerath.de\/blog\/wp-content\/uploads\/2021\/12\/logo_unterschrift-300x151.png\" alt=\"\" width=\"224\" height=\"108\" \/>[\/vc_column_text][\/vc_column][\/vc_row]<\/p>\n<\/div>","protected":false},"excerpt":{"rendered":"<p>[vc_row][vc_column width=&#8220;1\/1&#8243;][vc_custom_heading uncode_shortcode_id=&#8220;213007&#8243;]\u00dcber mich[\/vc_custom_heading][vc_column_text uncode_shortcode_id=&#8220;192089&#8243;]G\u00e4be es ein Reisen-Entdecken-Beobachten-Verstehen-Schreiben-Fotografieren-GEN, k\u00f6nnte es in meiner DNA entschl\u00fcsselt werden. Ginge es nach mir, w\u00fcrde [&hellip;]<\/p>\n","protected":false},"author":1,"featured_media":0,"parent":0,"menu_order":0,"comment_status":"closed","ping_status":"closed","template":"","meta":{"footnotes":""},"class_list":["post-103223","page","type-page","status-publish","hentry"],"_links":{"self":[{"href":"https:\/\/www.buero-moerath.de\/blog\/wp-json\/wp\/v2\/pages\/103223","targetHints":{"allow":["GET"]}}],"collection":[{"href":"https:\/\/www.buero-moerath.de\/blog\/wp-json\/wp\/v2\/pages"}],"about":[{"href":"https:\/\/www.buero-moerath.de\/blog\/wp-json\/wp\/v2\/types\/page"}],"author":[{"embeddable":true,"href":"https:\/\/www.buero-moerath.de\/blog\/wp-json\/wp\/v2\/users\/1"}],"replies":[{"embeddable":true,"href":"https:\/\/www.buero-moerath.de\/blog\/wp-json\/wp\/v2\/comments?post=103223"}],"version-history":[{"count":10,"href":"https:\/\/www.buero-moerath.de\/blog\/wp-json\/wp\/v2\/pages\/103223\/revisions"}],"predecessor-version":[{"id":103477,"href":"https:\/\/www.buero-moerath.de\/blog\/wp-json\/wp\/v2\/pages\/103223\/revisions\/103477"}],"wp:attachment":[{"href":"https:\/\/www.buero-moerath.de\/blog\/wp-json\/wp\/v2\/media?parent=103223"}],"curies":[{"name":"wp","href":"https:\/\/api.w.org\/{rel}","templated":true}]}}